{"id":106,"date":"2020-09-15T12:14:17","date_gmt":"2020-09-15T12:14:17","guid":{"rendered":"http:\/\/test.baumaschinen-vermietung-sudahl.de\/?page_id=106"},"modified":"2021-02-02T14:21:38","modified_gmt":"2021-02-02T14:21:38","slug":"impressum","status":"publish","type":"page","link":"https:\/\/www.baumaschinen-vermietung-sudahl.de\/?page_id=106","title":{"rendered":"Impressum"},"content":{"rendered":"\t\t<div data-elementor-type=\"wp-page\" data-elementor-id=\"106\" class=\"elementor elementor-106\" data-elementor-settings=\"[]\">\n\t\t\t\t\t\t<div class=\"elementor-inner\">\n\t\t\t\t\t\t\t<div class=\"elementor-section-wrap\">\n\t\t\t\t\t\t\t<section class=\"elementor-section elementor-top-section elementor-element elementor-element-909c476 elementor-section-boxed elementor-section-height-default elementor-section-height-default\" data-id=\"909c476\" data-element_type=\"section\">\n\t\t\t\t\t\t<div class=\"elementor-container elementor-column-gap-default\">\n\t\t\t\t\t\t\t<div class=\"elementor-row\">\n\t\t\t\t\t<div class=\"elementor-column elementor-col-100 elementor-top-column elementor-element elementor-element-ce6e136\" data-id=\"ce6e136\" data-element_type=\"column\">\n\t\t\t<div class=\"elementor-column-wrap elementor-element-populated\">\n\t\t\t\t\t\t\t<div class=\"elementor-widget-wrap\">\n\t\t\t\t\t\t<div class=\"elementor-element elementor-element-320208b elementor-widget elementor-widget-heading\" data-id=\"320208b\" data-element_type=\"widget\" data-widget_type=\"heading.default\">\n\t\t\t\t<div class=\"elementor-widget-container\">\n\t\t\t<h2 class=\"elementor-heading-title elementor-size-default\">IMPRESSUM<\/h2>\t\t<\/div>\n\t\t\t\t<\/div>\n\t\t\t\t<div class=\"elementor-element elementor-element-5d17301 elementor-widget elementor-widget-text-editor\" data-id=\"5d17301\" data-element_type=\"widget\" data-widget_type=\"text-editor.default\">\n\t\t\t\t<div class=\"elementor-widget-container\">\n\t\t\t\t\t<div class=\"elementor-text-editor elementor-clearfix\"><p>Baumaschinen Vermietung Sudahl GmbH<br \/>Siemensstr. 23<br \/>33397 Rietberg<br \/>Deutschland<\/p><p>E-Mail: bvs-sudahl@t-online.de<br \/>Telefon: 02944\/978815<br \/>Fax: 02944\/978835<\/p><h4>Vertretungsberechtigte<\/h4><p>Hubertus Sudahl Gesch\u00e4ftsf\u00fchrer\/Inhaber<br \/>Angelika Sudahl Gesch\u00e4ftsf\u00fchrerin\/Inhaberin<br \/>Franz Josef Sudahl Gesch\u00e4ftsinhaber<\/p><p>Register und Registernummer Handelsregister<br \/>Amtsgericht G\u00fctersloh<br \/>Nummer: HRB 6988<\/p><p>Wir sind nicht bereit und nicht verpflichtet an einem Streitbeilegungsverfahren vor einer Verbraucherstreitschlichtungsstelle teilzunehmen.<br \/>Haftungs- und Schutzrechtshinweise<\/p><h4>Haftungsausschluss<\/h4><p>Die Inhalte dieses Onlineangebotes wurden sorgf\u00e4ltig und nach unserem aktuellen Kenntnisstand erstellt, dienen jedoch nur der Information und entfalten keine rechtlich bindende Wirkung, sofern es sich nicht um gesetzlich verpflichtende Informationen (z.B. das Impressum, die Datenschutzerkl\u00e4rung, AGB oder verpflichtende Belehrungen von Verbrauchern) handelt. Wir behalten uns vor, die Inhalte vollst\u00e4ndig oder teilweise zu \u00e4ndern oder zu l\u00f6schen, soweit vertragliche Verpflichtungen unber\u00fchrt bleiben. Alle Angebote sind freibleibend und unverbindlich.<\/p><p><span style=\"color: #999999;\">Erstellt mit kostenlosem Datenschutz-Generator.de von Dr. Thomas Schwenke<\/span><\/p><\/div>\n\t\t\t\t<\/div>\n\t\t\t\t<\/div>\n\t\t\t\t\t\t<\/div>\n\t\t\t\t\t<\/div>\n\t\t<\/div>\n\t\t\t\t\t\t\t\t<\/div>\n\t\t\t\t\t<\/div>\n\t\t<\/section>\n\t\t\t\t\t\t<\/div>\n\t\t\t\t\t\t<\/div>\n\t\t\t\t\t<\/div>\n\t\t","protected":false},"excerpt":{"rendered":"<div class=\"entry-summary\">\nIMPRESSUM Baumaschinen Vermietung Sudahl GmbHSiemensstr. 2333397 RietbergDeutschland E-Mail: bvs-sudahl@t-online.deTelefon: 02944\/978815Fax: 02944\/978835 Vertretungsberechtigte Hubertus Sudahl Gesch\u00e4ftsf\u00fchrer\/InhaberAngelika Sudahl Gesch\u00e4ftsf\u00fchrerin\/InhaberinFranz Josef Sudahl Gesch\u00e4ftsinhaber Register und Registernummer HandelsregisterAmtsgericht G\u00fcterslohNummer: HRB 6988 Wir sind nicht bereit und nicht verpflichtet an einem Streitbeilegungsverfahren vor einer Verbraucherstreitschlichtungsstelle&hellip;\n<\/div>\n<div class=\"link-more\"><a href=\"https:\/\/www.baumaschinen-vermietung-sudahl.de\/?page_id=106\" class=\"more-link\">Continue reading<span class=\"screen-reader-text\"> &ldquo;Impressum&rdquo;<\/span>&hellip;<\/a><\/div>\n","protected":false},"author":1,"featured_media":0,"parent":0,"menu_order":0,"comment_status":"closed","ping_status":"closed","template":"","meta":[],"_links":{"self":[{"href":"https:\/\/www.baumaschinen-vermietung-sudahl.de\/index.php?rest_route=\/wp\/v2\/pages\/106"}],"collection":[{"href":"https:\/\/www.baumaschinen-vermietung-sudahl.de\/index.php?rest_route=\/wp\/v2\/pages"}],"about":[{"href":"https:\/\/www.baumaschinen-vermietung-sudahl.de\/index.php?rest_route=\/wp\/v2\/types\/page"}],"author":[{"embeddable":true,"href":"https:\/\/www.baumaschinen-vermietung-sudahl.de\/index.php?rest_route=\/wp\/v2\/users\/1"}],"replies":[{"embeddable":true,"href":"https:\/\/www.baumaschinen-vermietung-sudahl.de\/index.php?rest_route=%2Fwp%2Fv2%2Fcomments&post=106"}],"version-history":[{"count":25,"href":"https:\/\/www.baumaschinen-vermietung-sudahl.de\/index.php?rest_route=\/wp\/v2\/pages\/106\/revisions"}],"predecessor-version":[{"id":507,"href":"https:\/\/www.baumaschinen-vermietung-sudahl.de\/index.php?rest_route=\/wp\/v2\/pages\/106\/revisions\/507"}],"wp:attachment":[{"href":"https:\/\/www.baumaschinen-vermietung-sudahl.de\/index.php?rest_route=%2Fwp%2Fv2%2Fmedia&parent=106"}],"curies":[{"name":"wp","href":"https:\/\/api.w.org\/{rel}","templated":true}]}}