{"id":14,"date":"2020-03-13T11:34:20","date_gmt":"2020-03-13T11:34:20","guid":{"rendered":"http:\/\/test.baumaschinen-vermietung-sudahl.de\/?page_id=14"},"modified":"2026-03-19T16:42:13","modified_gmt":"2026-03-19T16:42:13","slug":"dienstleistungen","status":"publish","type":"page","link":"https:\/\/www.baumaschinen-vermietung-sudahl.de\/?page_id=14","title":{"rendered":"Dienstleistungen"},"content":{"rendered":"\t\t<div data-elementor-type=\"wp-page\" data-elementor-id=\"14\" class=\"elementor elementor-14\" data-elementor-settings=\"[]\">\n\t\t\t\t\t\t<div class=\"elementor-inner\">\n\t\t\t\t\t\t\t<div class=\"elementor-section-wrap\">\n\t\t\t\t\t\t\t<section class=\"elementor-section elementor-top-section elementor-element elementor-element-ee1886a elementor-hidden-phone elementor-section-boxed elementor-section-height-default elementor-section-height-default\" data-id=\"ee1886a\" data-element_type=\"section\">\n\t\t\t\t\t\t<div class=\"elementor-container elementor-column-gap-default\">\n\t\t\t\t\t\t\t<div class=\"elementor-row\">\n\t\t\t\t\t<div class=\"elementor-column elementor-col-100 elementor-top-column elementor-element elementor-element-bdb1ac3\" data-id=\"bdb1ac3\" data-element_type=\"column\">\n\t\t\t<div class=\"elementor-column-wrap elementor-element-populated\">\n\t\t\t\t\t\t\t<div class=\"elementor-widget-wrap\">\n\t\t\t\t\t\t<div class=\"elementor-element elementor-element-3a1f6f7 gallery-spacing-custom elementor-widget elementor-widget-image-gallery\" data-id=\"3a1f6f7\" data-element_type=\"widget\" data-widget_type=\"image-gallery.default\">\n\t\t\t\t<div class=\"elementor-widget-container\">\n\t\t\t\t\t<div class=\"elementor-image-gallery\">\n\t\t\t<div id='gallery-1' class='gallery galleryid-14 gallery-columns-3 gallery-size-medium_large'><figure class='gallery-item'>\n\t\t\t<div class='gallery-icon landscape'>\n\t\t\t\t<img width=\"768\" height=\"578\" src=\"https:\/\/www.baumaschinen-vermietung-sudahl.de\/wp-content\/uploads\/2021\/01\/MG_2079_web-1-scaled-e1773938515851-768x578.jpg\" class=\"attachment-medium_large size-medium_large\" alt=\"\" loading=\"lazy\" srcset=\"https:\/\/www.baumaschinen-vermietung-sudahl.de\/wp-content\/uploads\/2021\/01\/MG_2079_web-1-scaled-e1773938515851-768x578.jpg 768w, https:\/\/www.baumaschinen-vermietung-sudahl.de\/wp-content\/uploads\/2021\/01\/MG_2079_web-1-scaled-e1773938515851-300x226.jpg 300w, https:\/\/www.baumaschinen-vermietung-sudahl.de\/wp-content\/uploads\/2021\/01\/MG_2079_web-1-scaled-e1773938515851-2048x1541.jpg 2048w, https:\/\/www.baumaschinen-vermietung-sudahl.de\/wp-content\/uploads\/2021\/01\/MG_2079_web-1-scaled-e1773938515851-1024x770.jpg 1024w, https:\/\/www.baumaschinen-vermietung-sudahl.de\/wp-content\/uploads\/2021\/01\/MG_2079_web-1-scaled-e1773938515851-1536x1156.jpg 1536w\" sizes=\"(max-width: 768px) 100vw, 768px\" \/>\n\t\t\t<\/div><\/figure><figure class='gallery-item'>\n\t\t\t<div class='gallery-icon landscape'>\n\t\t\t\t<img width=\"768\" height=\"576\" src=\"https:\/\/www.baumaschinen-vermietung-sudahl.de\/wp-content\/uploads\/2026\/03\/20250915_131327-768x576.jpg\" class=\"attachment-medium_large size-medium_large\" alt=\"\" loading=\"lazy\" srcset=\"https:\/\/www.baumaschinen-vermietung-sudahl.de\/wp-content\/uploads\/2026\/03\/20250915_131327-768x576.jpg 768w, https:\/\/www.baumaschinen-vermietung-sudahl.de\/wp-content\/uploads\/2026\/03\/20250915_131327-300x225.jpg 300w, https:\/\/www.baumaschinen-vermietung-sudahl.de\/wp-content\/uploads\/2026\/03\/20250915_131327-1024x768.jpg 1024w, https:\/\/www.baumaschinen-vermietung-sudahl.de\/wp-content\/uploads\/2026\/03\/20250915_131327-1536x1151.jpg 1536w, https:\/\/www.baumaschinen-vermietung-sudahl.de\/wp-content\/uploads\/2026\/03\/20250915_131327.jpg 1609w\" sizes=\"(max-width: 768px) 100vw, 768px\" \/>\n\t\t\t<\/div><\/figure><figure class='gallery-item'>\n\t\t\t<div class='gallery-icon landscape'>\n\t\t\t\t<img width=\"768\" height=\"576\" src=\"https:\/\/www.baumaschinen-vermietung-sudahl.de\/wp-content\/uploads\/2026\/03\/20251008_161321-768x576.jpg\" class=\"attachment-medium_large size-medium_large\" alt=\"\" loading=\"lazy\" srcset=\"https:\/\/www.baumaschinen-vermietung-sudahl.de\/wp-content\/uploads\/2026\/03\/20251008_161321-768x576.jpg 768w, https:\/\/www.baumaschinen-vermietung-sudahl.de\/wp-content\/uploads\/2026\/03\/20251008_161321-300x225.jpg 300w, https:\/\/www.baumaschinen-vermietung-sudahl.de\/wp-content\/uploads\/2026\/03\/20251008_161321-1024x767.jpg 1024w, https:\/\/www.baumaschinen-vermietung-sudahl.de\/wp-content\/uploads\/2026\/03\/20251008_161321.jpg 1333w\" sizes=\"(max-width: 768px) 100vw, 768px\" \/>\n\t\t\t<\/div><\/figure>\n\t\t<\/div>\n\t\t<\/div>\n\t\t\t\t<\/div>\n\t\t\t\t<\/div>\n\t\t\t\t\t\t<\/div>\n\t\t\t\t\t<\/div>\n\t\t<\/div>\n\t\t\t\t\t\t\t\t<\/div>\n\t\t\t\t\t<\/div>\n\t\t<\/section>\n\t\t\t\t<section class=\"elementor-section elementor-top-section elementor-element elementor-element-312654f elementor-section-boxed elementor-section-height-default elementor-section-height-default\" data-id=\"312654f\" data-element_type=\"section\">\n\t\t\t\t\t\t<div class=\"elementor-container elementor-column-gap-default\">\n\t\t\t\t\t\t\t<div class=\"elementor-row\">\n\t\t\t\t\t<div class=\"elementor-column elementor-col-100 elementor-top-column elementor-element elementor-element-a51123b\" data-id=\"a51123b\" data-element_type=\"column\">\n\t\t\t<div class=\"elementor-column-wrap elementor-element-populated\">\n\t\t\t\t\t\t\t<div class=\"elementor-widget-wrap\">\n\t\t\t\t\t\t<div class=\"elementor-element elementor-element-f4661bd elementor-hidden-desktop elementor-widget elementor-widget-image-gallery\" data-id=\"f4661bd\" data-element_type=\"widget\" data-widget_type=\"image-gallery.default\">\n\t\t\t\t<div class=\"elementor-widget-container\">\n\t\t\t\t\t<div class=\"elementor-image-gallery\">\n\t\t\t<div id='gallery-2' class='gallery galleryid-14 gallery-columns-1 gallery-size-medium'><figure class='gallery-item'>\n\t\t\t<div class='gallery-icon landscape'>\n\t\t\t\t<a data-elementor-open-lightbox=\"yes\" data-elementor-lightbox-slideshow=\"f4661bd\" data-elementor-lightbox-title=\"_MG_2066_web\" href='https:\/\/www.baumaschinen-vermietung-sudahl.de\/wp-content\/uploads\/2021\/01\/MG_2066_web-1-scaled.jpg'><img width=\"300\" height=\"200\" src=\"https:\/\/www.baumaschinen-vermietung-sudahl.de\/wp-content\/uploads\/2021\/01\/MG_2066_web-1-300x200.jpg\" class=\"attachment-medium size-medium\" alt=\"\" loading=\"lazy\" srcset=\"https:\/\/www.baumaschinen-vermietung-sudahl.de\/wp-content\/uploads\/2021\/01\/MG_2066_web-1-300x200.jpg 300w, https:\/\/www.baumaschinen-vermietung-sudahl.de\/wp-content\/uploads\/2021\/01\/MG_2066_web-1-768x512.jpg 768w, https:\/\/www.baumaschinen-vermietung-sudahl.de\/wp-content\/uploads\/2021\/01\/MG_2066_web-1-2048x1365.jpg 2048w\" sizes=\"(max-width: 300px) 100vw, 300px\" \/><\/a>\n\t\t\t<\/div><\/figure>\n\t\t<\/div>\n\t\t<\/div>\n\t\t\t\t<\/div>\n\t\t\t\t<\/div>\n\t\t\t\t<div class=\"elementor-element elementor-element-a03edd2 elementor-widget elementor-widget-heading\" data-id=\"a03edd2\" data-element_type=\"widget\" data-widget_type=\"heading.default\">\n\t\t\t\t<div class=\"elementor-widget-container\">\n\t\t\t<h2 class=\"elementor-heading-title elementor-size-default\">Dienstleistungen<\/h2>\t\t<\/div>\n\t\t\t\t<\/div>\n\t\t\t\t\t\t<\/div>\n\t\t\t\t\t<\/div>\n\t\t<\/div>\n\t\t\t\t\t\t\t\t<\/div>\n\t\t\t\t\t<\/div>\n\t\t<\/section>\n\t\t\t\t<section class=\"elementor-section elementor-top-section elementor-element elementor-element-8ca5da8 elementor-section-boxed elementor-section-height-default elementor-section-height-default\" data-id=\"8ca5da8\" data-element_type=\"section\">\n\t\t\t\t\t\t<div class=\"elementor-container elementor-column-gap-default\">\n\t\t\t\t\t\t\t<div class=\"elementor-row\">\n\t\t\t\t\t<div class=\"elementor-column elementor-col-50 elementor-top-column elementor-element elementor-element-375a5c5\" data-id=\"375a5c5\" data-element_type=\"column\">\n\t\t\t<div class=\"elementor-column-wrap elementor-element-populated\">\n\t\t\t\t\t\t\t<div class=\"elementor-widget-wrap\">\n\t\t\t\t\t\t<div class=\"elementor-element elementor-element-849cf5a elementor-widget elementor-widget-text-editor\" data-id=\"849cf5a\" data-element_type=\"widget\" data-widget_type=\"text-editor.default\">\n\t\t\t\t<div class=\"elementor-widget-container\">\n\t\t\t\t\t<div class=\"elementor-text-editor elementor-clearfix\">Sie brauchen ein Gewerk f\u00fcr Erdarbeiten, Pflasterarbeiten, Kanalanschlu\u00dfarbeiten?\n<\/br>\nWir stehen ihnen gerne mit unserem Maschinenpark und unserem Team zur Verf\u00fcgung.\n<\/br> \n<\/div>\n\t\t\t\t<\/div>\n\t\t\t\t<\/div>\n\t\t\t\t\t\t<\/div>\n\t\t\t\t\t<\/div>\n\t\t<\/div>\n\t\t\t\t<div class=\"elementor-column elementor-col-50 elementor-top-column elementor-element elementor-element-ecae25f\" data-id=\"ecae25f\" data-element_type=\"column\">\n\t\t\t<div class=\"elementor-column-wrap elementor-element-populated\">\n\t\t\t\t\t\t\t<div class=\"elementor-widget-wrap\">\n\t\t\t\t\t\t<div class=\"elementor-element elementor-element-6fab2a3 elementor-widget elementor-widget-text-editor\" data-id=\"6fab2a3\" data-element_type=\"widget\" data-widget_type=\"text-editor.default\">\n\t\t\t\t<div class=\"elementor-widget-container\">\n\t\t\t\t\t<div class=\"elementor-text-editor elementor-clearfix\"><ul>\n<li>Erdbewegungen<br><\/li><li>klein oder gro\u00dffl\u00e4chige Pflasterarbeiten<br><\/li><li>Schotterplanum erstellen<\/li><li>Baugrubenaushub<br><\/li><li>Entw\u00e4sserungleitungen verlegen, <br>Sch\u00e4chte f\u00fcr Schmutz und Regenwasser setzten<br><\/li><li>Baumschnitt<\/li>\n<\/ul><\/div>\n\t\t\t\t<\/div>\n\t\t\t\t<\/div>\n\t\t\t\t\t\t<\/div>\n\t\t\t\t\t<\/div>\n\t\t<\/div>\n\t\t\t\t\t\t\t\t<\/div>\n\t\t\t\t\t<\/div>\n\t\t<\/section>\n\t\t\t\t\t\t<\/div>\n\t\t\t\t\t\t<\/div>\n\t\t\t\t\t<\/div>\n\t\t","protected":false},"excerpt":{"rendered":"<div class=\"entry-summary\">\nDienstleistungen Sie brauchen ein Gewerk f\u00fcr Erdarbeiten, Pflasterarbeiten, Kanalanschlu\u00dfarbeiten? Wir stehen ihnen gerne mit unserem Maschinenpark und unserem Team zur Verf\u00fcgung. Erdbewegungen klein oder gro\u00dffl\u00e4chige Pflasterarbeiten Schotterplanum erstellen Baugrubenaushub Entw\u00e4sserungleitungen verlegen, Sch\u00e4chte f\u00fcr Schmutz und Regenwasser setzten Baumschnitt\n<\/div>\n<div class=\"link-more\"><a href=\"https:\/\/www.baumaschinen-vermietung-sudahl.de\/?page_id=14\" class=\"more-link\">Continue reading<span class=\"screen-reader-text\"> &ldquo;Dienstleistungen&rdquo;<\/span>&hellip;<\/a><\/div>\n","protected":false},"author":1,"featured_media":0,"parent":0,"menu_order":0,"comment_status":"closed","ping_status":"closed","template":"","meta":[],"_links":{"self":[{"href":"https:\/\/www.baumaschinen-vermietung-sudahl.de\/index.php?rest_route=\/wp\/v2\/pages\/14"}],"collection":[{"href":"https:\/\/www.baumaschinen-vermietung-sudahl.de\/index.php?rest_route=\/wp\/v2\/pages"}],"about":[{"href":"https:\/\/www.baumaschinen-vermietung-sudahl.de\/index.php?rest_route=\/wp\/v2\/types\/page"}],"author":[{"embeddable":true,"href":"https:\/\/www.baumaschinen-vermietung-sudahl.de\/index.php?rest_route=\/wp\/v2\/users\/1"}],"replies":[{"embeddable":true,"href":"https:\/\/www.baumaschinen-vermietung-sudahl.de\/index.php?rest_route=%2Fwp%2Fv2%2Fcomments&post=14"}],"version-history":[{"count":60,"href":"https:\/\/www.baumaschinen-vermietung-sudahl.de\/index.php?rest_route=\/wp\/v2\/pages\/14\/revisions"}],"predecessor-version":[{"id":874,"href":"https:\/\/www.baumaschinen-vermietung-sudahl.de\/index.php?rest_route=\/wp\/v2\/pages\/14\/revisions\/874"}],"wp:attachment":[{"href":"https:\/\/www.baumaschinen-vermietung-sudahl.de\/index.php?rest_route=%2Fwp%2Fv2%2Fmedia&parent=14"}],"curies":[{"name":"wp","href":"https:\/\/api.w.org\/{rel}","templated":true}]}}