{"id":759,"date":"2023-10-30T13:57:24","date_gmt":"2023-10-30T13:57:24","guid":{"rendered":"https:\/\/www.baumaschinen-vermietung-sudahl.de\/?page_id=759"},"modified":"2026-03-19T16:32:02","modified_gmt":"2026-03-19T16:32:02","slug":"test-block-editor","status":"publish","type":"page","link":"https:\/\/www.baumaschinen-vermietung-sudahl.de\/?page_id=759","title":{"rendered":"Garten- und Landschaftsbauer"},"content":{"rendered":"\n<h1>Garten- und Landschaftsbauer, Stra\u00dfenbauer Tiefbauer oder vergleichbar (M\/W\/D)<\/h1>\n\n\n\n<div style=\"height:100px\" aria-hidden=\"true\" class=\"wp-block-spacer\"><\/div>\n\n\n\n<div class=\"wp-block-columns\">\n<div class=\"wp-block-column\">\n<h5>Deine Aufgaben:<\/h5>\n\n\n\n<ul><li>Erdarbeiten<\/li><li>Pflasterarbeiten<\/li><li>Kanalbau<\/li><li>selbstst\u00e4ndiges Arbeiten<\/li><li>anleitende T\u00e4tigkeiten<\/li><li>F\u00fchren von Baumaschinen<\/li><\/ul>\n\n\n\n<h5>Du hast:<\/h5>\n\n\n\n<ul><li>Erfahrungen in oben genannten Berufen<\/li><li>F\u00fchrerschein Klasse B\/BE<\/li><li>Erfahrung mit dem Umgang von Erdbaumaschinen<\/li><li>Spa\u00df an der Arbeit im Team<\/li><\/ul>\n<\/div>\n\n\n\n<div class=\"wp-block-column\">\n<h5>Und deswegen kommt Ihr zu uns:<\/h5>\n\n\n\n<ul><li>Leistungsgerechte Verg\u00fctung<\/li><li>famili\u00e4res Arbeitsklima<\/li><li>geregelte Arbeitszeiten<\/li><li>Saison &#8211; Kurzarbeitergeld<\/li><li>Firmenevents<\/li><li>Tankgutscheine<\/li><li>Betriebliche Altersvorsorge mit erh\u00f6hter Sozialleistung<\/li><\/ul>\n\n\n\n<p><\/p>\n<\/div>\n<\/div>\n\n\n\n<h5>Interesse? Dann melde dich!<\/h5>\n\n\n\n<p>Schickt uns gerne deine Bewerbungsunterlagen an&nbsp;<a href=\"mailto:info@bvs-sudahl.de\" data-type=\"mailto\" data-id=\"mailto:info@bvs-sudahl.de\">info@bvs-sudahl.de<\/a>,<br>Telefonisch unter: 02944\/978815,<br>oder einfach per Whats-App an: 015140911260 <\/p>\n","protected":false},"excerpt":{"rendered":"<div class=\"entry-summary\">\nGarten- und Landschaftsbauer, Stra\u00dfenbauer Tiefbauer oder vergleichbar (M\/W\/D) Deine Aufgaben: Erdarbeiten Pflasterarbeiten Kanalbau selbstst\u00e4ndiges Arbeiten anleitende T\u00e4tigkeiten F\u00fchren von Baumaschinen Du hast: Erfahrungen in oben genannten Berufen F\u00fchrerschein Klasse B\/BE Erfahrung mit dem Umgang von Erdbaumaschinen Spa\u00df an der Arbeit&hellip;\n<\/div>\n<div class=\"link-more\"><a href=\"https:\/\/www.baumaschinen-vermietung-sudahl.de\/?page_id=759\" class=\"more-link\">Continue reading<span class=\"screen-reader-text\"> &ldquo;Garten- und Landschaftsbauer&rdquo;<\/span>&hellip;<\/a><\/div>\n","protected":false},"author":1,"featured_media":0,"parent":0,"menu_order":0,"comment_status":"closed","ping_status":"closed","template":"elementor_theme","meta":[],"_links":{"self":[{"href":"https:\/\/www.baumaschinen-vermietung-sudahl.de\/index.php?rest_route=\/wp\/v2\/pages\/759"}],"collection":[{"href":"https:\/\/www.baumaschinen-vermietung-sudahl.de\/index.php?rest_route=\/wp\/v2\/pages"}],"about":[{"href":"https:\/\/www.baumaschinen-vermietung-sudahl.de\/index.php?rest_route=\/wp\/v2\/types\/page"}],"author":[{"embeddable":true,"href":"https:\/\/www.baumaschinen-vermietung-sudahl.de\/index.php?rest_route=\/wp\/v2\/users\/1"}],"replies":[{"embeddable":true,"href":"https:\/\/www.baumaschinen-vermietung-sudahl.de\/index.php?rest_route=%2Fwp%2Fv2%2Fcomments&post=759"}],"version-history":[{"count":9,"href":"https:\/\/www.baumaschinen-vermietung-sudahl.de\/index.php?rest_route=\/wp\/v2\/pages\/759\/revisions"}],"predecessor-version":[{"id":855,"href":"https:\/\/www.baumaschinen-vermietung-sudahl.de\/index.php?rest_route=\/wp\/v2\/pages\/759\/revisions\/855"}],"wp:attachment":[{"href":"https:\/\/www.baumaschinen-vermietung-sudahl.de\/index.php?rest_route=%2Fwp%2Fv2%2Fmedia&parent=759"}],"curies":[{"name":"wp","href":"https:\/\/api.w.org\/{rel}","templated":true}]}}